{"id":13,"date":"2024-03-14T00:07:15","date_gmt":"2024-03-13T23:07:15","guid":{"rendered":"https:\/\/www.luxlug.lu\/?page_id=13"},"modified":"2024-09-25T08:42:57","modified_gmt":"2024-09-25T06:42:57","slug":"herzlich-willkommen-bei-den-luxemburger-lego-fans","status":"publish","type":"page","link":"https:\/\/www.luxlug.lu\/","title":{"rendered":"Herzlich willkommen bei der Luxembourg Lego User Group"},"content":{"rendered":"\n<p><strong>Wir freuen uns euch zahlreich bei unseren bevorstehenden Veranstaltungen begr\u00fcssen zu d\u00fcrfen <\/strong><\/p>\n\n\n\n<p><\/p>\n\n\n\n<figure class=\"wp-block-image size-large\"><img loading=\"lazy\" decoding=\"async\" width=\"731\" height=\"1024\" src=\"https:\/\/www.luxlug.lu\/wp-content\/uploads\/2024\/09\/Screenshot_20240925_062409_Samsung-Notes-731x1024.jpg\" alt=\"\" class=\"wp-image-40\" srcset=\"https:\/\/www.luxlug.lu\/wp-content\/uploads\/2024\/09\/Screenshot_20240925_062409_Samsung-Notes-731x1024.jpg 731w, https:\/\/www.luxlug.lu\/wp-content\/uploads\/2024\/09\/Screenshot_20240925_062409_Samsung-Notes-214x300.jpg 214w, https:\/\/www.luxlug.lu\/wp-content\/uploads\/2024\/09\/Screenshot_20240925_062409_Samsung-Notes-768x1075.jpg 768w, https:\/\/www.luxlug.lu\/wp-content\/uploads\/2024\/09\/Screenshot_20240925_062409_Samsung-Notes.jpg 1079w\" sizes=\"auto, (max-width: 731px) 100vw, 731px\" \/><\/figure>\n\n\n\n<p><\/p>\n\n\n\n<figure class=\"wp-block-image size-large\"><img loading=\"lazy\" decoding=\"async\" width=\"720\" height=\"1024\" src=\"https:\/\/www.luxlug.lu\/wp-content\/uploads\/2024\/09\/Screenshot_20240925_062503_Samsung-Notes-720x1024.jpg\" alt=\"\" class=\"wp-image-41\" srcset=\"https:\/\/www.luxlug.lu\/wp-content\/uploads\/2024\/09\/Screenshot_20240925_062503_Samsung-Notes-720x1024.jpg 720w, https:\/\/www.luxlug.lu\/wp-content\/uploads\/2024\/09\/Screenshot_20240925_062503_Samsung-Notes-211x300.jpg 211w, https:\/\/www.luxlug.lu\/wp-content\/uploads\/2024\/09\/Screenshot_20240925_062503_Samsung-Notes-768x1092.jpg 768w, https:\/\/www.luxlug.lu\/wp-content\/uploads\/2024\/09\/Screenshot_20240925_062503_Samsung-Notes.jpg 1068w\" sizes=\"auto, (max-width: 720px) 100vw, 720px\" \/><\/figure>\n\n\n\n<h6 class=\"wp-block-heading has-large-font-size\">Vielen Dank f\u00fcr euren Besuch<\/h6>\n\n\n\n<figure class=\"wp-block-image size-full\"><img decoding=\"async\" src=\"https:\/\/www.luxlug.lu\/wp-content\/uploads\/2024\/01\/flyerbricksales24.jpg\" alt=\"\" class=\"wp-image-7042\"\/><\/figure>\n\n\n\n<p><\/p>\n\n\n\n<p class=\"has-large-font-size\"><\/p>\n\n\n\n<figure class=\"wp-block-image size-large\"><img decoding=\"async\" src=\"https:\/\/www.luxlug.lu\/wp-content\/uploads\/2023\/11\/383429003_7164598363573023_3146361098627068204_n-724x1024.jpg\" alt=\"\" class=\"wp-image-7035\"\/><\/figure>\n\n\n\n<h2 class=\"wp-block-heading has-large-font-size\">Brick Day Sanem 2023<\/h2>\n\n\n\n<figure class=\"wp-block-image size-large\"><img decoding=\"async\" src=\"https:\/\/www.luxlug.lu\/wp-content\/uploads\/2023\/10\/mir_cu_db146b836a3893bb026f0c689d3cdfbf9d01ff5a-733x1024.jpeg\" alt=\"\" class=\"wp-image-7029\"\/><\/figure>\n\n\n\n<h2 class=\"wp-block-heading has-large-font-size\">Brick Sales 2023<\/h2>\n\n\n\n<figure class=\"wp-block-image size-large\"><img decoding=\"async\" src=\"https:\/\/www.luxlug.lu\/wp-content\/uploads\/2023\/02\/brcksales2023-724x1024.png\" alt=\"\" class=\"wp-image-7017\"\/><\/figure>\n\n\n\n<p>Ihr k\u00f6nnt euch die Anmeldung hier herunterladen:<\/p>\n\n\n\n<div class=\"wp-block-file\"><a id=\"wp-block-file--media-e369ed82-9e35-4577-abe2-6f00ed22f8fd\" href=\"https:\/\/www.luxlug.lu\/wp-content\/uploads\/2023\/02\/Anmeldung-BrickSales-2023.pdf\">Anmeldung-BrickSales-2023<\/a><a href=\"https:\/\/www.luxlug.lu\/wp-content\/uploads\/2023\/02\/Anmeldung-BrickSales-2023.pdf\" class=\"wp-block-file__button wp-element-button\" download aria-describedby=\"wp-block-file--media-e369ed82-9e35-4577-abe2-6f00ed22f8fd\">Herunterladen<\/a><\/div>\n\n\n\n<hr class=\"wp-block-separator has-css-opacity\"\/>\n\n\n\n<h2 class=\"wp-block-heading\">Brick Days 2022<\/h2>\n\n\n\n<p>Dieses Jahr d\u00fcrfen wir ihnen  2 Ausstellungen pr\u00e4sentieren:<\/p>\n\n\n<div class=\"wp-block-image\">\n<figure class=\"aligncenter size-large is-resized\"><img decoding=\"async\" src=\"https:\/\/www.luxlug.lu\/wp-content\/uploads\/2022\/10\/flyera3-medernach2022-724x1024.jpg\" alt=\"\" class=\"wp-image-7012\" style=\"width:600px\"\/><\/figure>\n<\/div>\n\n\n<p><\/p>\n\n\n<div class=\"wp-block-image\">\n<figure class=\"aligncenter size-large is-resized\"><img decoding=\"async\" src=\"https:\/\/www.luxlug.lu\/wp-content\/uploads\/2022\/10\/flyera3-724x1024.png\" alt=\"\" class=\"wp-image-7013\" style=\"width:600px\"\/><\/figure>\n<\/div>\n\n\n<p><\/p>\n\n\n\n<h2 class=\"wp-block-heading\">Herzlich willkommen bei den Luxemburger Lego Fans \ud83d\ude42 <\/h2>\n\n\n<div class=\"wp-block-image\">\n<figure class=\"aligncenter\"><img decoding=\"async\" src=\"http:\/\/www.luxlug.lu\/wp-content\/uploads\/2013\/10\/Hello.jpg\" alt=\"Dieses Bild hat ein leeres Alt-Attribut. Der Dateiname ist Hello.jpg\"\/><\/figure>\n<\/div>\n\n\n<p>Unsere Mitglieder sind Lego-Passionnierte, Fans, Sammler, Eltern und nat\u00fcrlich Kinder, denen es die kleinen Plastiksteinchen angetan haben. Seit 2010 besteht unser Verein;&nbsp;wir&nbsp;organisieren&nbsp;regelm\u00e4ssig Aktivit\u00e4ten, welche sich rund ums Thema Lego befassen. Wir sind offen f\u00fcr jegliche Anregungen, denn wie gewusst kennt Lego keine Grenzen\u2026<\/p>\n\n\n\n<p><strong>Wann packt dich das Lego-Fieber?<\/strong><\/p>\n\n\n\n<p>Die meisten von uns kennen die bunten Steinchen seit ihrer Kindheit und hatten stets Freude und Spass damit als Kind. Lego hat \u00fcber die Jahre sich immer weiterentwickelt, z.B. gab es die Steinchen anfangs in sechs verschiedenen Basisfarben, wo es heutzutage \u00fcber f\u00fcnfzig verschiedene Farben gibt<\/p>\n\n\n<div class=\"wp-block-image\">\n<figure class=\"alignright is-resized\"><img decoding=\"async\" src=\"http:\/\/www.luxlug.lu\/wp-content\/uploads\/2013\/03\/IMG_0755.jpg\" alt=\"\" class=\"wp-image-147\" style=\"width:229px;height:315px\"\/><\/figure>\n<\/div>\n\n\n<p class=\"has-text-align-left\">Auch hatten die Figuren anfangs&nbsp;immer das gleiche klassisch l\u00e4chelnde gelbe Gesicht. Heute haben die kleinen M\u00e4nnchen alle m\u00f6glichen Gesichtsz\u00fcge. Auch die Spielthemen sind sehr sehr umfangreich geworden. Von Lego Turtles&nbsp;bis Lego Star Wars konnte man als Kind in den&nbsp;70ern und&nbsp;80ern nur tr\u00e4umen&#8230;<\/p>\n\n\n<div class=\"wp-block-image\">\n<figure class=\"alignleft is-resized\"><img decoding=\"async\" src=\"http:\/\/www.luxlug.lu\/wp-content\/uploads\/2013\/03\/IMG_4342.jpg\" alt=\"Dieses Bild hat ein leeres Alt-Attribut. Der Dateiname ist IMG_4342.jpg\" style=\"width:278px;height:195px\"\/><\/figure>\n<\/div>\n\n\n<p>Viele Erwachsene hat das Lego-Fieber wieder gepackt&#8230;&nbsp;denn die kreativen M\u00f6glichkeiten, die dieses &#8220;Spielzeug&#8221; im Modelbau sowie in Kinderzimmern bietet sind heutzutage enorm. Viele entdecken ihre Kindheit wieder&nbsp;neu oder spielen mit ihren Kindern&nbsp;mit den Steinchen oder beides \ud83d\ude42<\/p>\n\n\n\n<p class=\"has-text-align-right\">Es macht einfach in jeder Hinsicht und&nbsp;in jeder Ausrichtung extrem Spass. Aber Vorsicht! Es macht s\u00fcchtig! Lol<\/p>\n\n\n\n<p class=\"has-text-align-right\">Doch dieses Fieber-Virus sollte man nicht bek\u00e4mpfen, sondern f\u00f6rdern! Auch als Erwachsener darf man sich ruhig f\u00fcr kreatives&nbsp;&#8220;Spielzeug&#8221; zu Hause interessieren und seine kreativen Phantasien und Ideen&nbsp;ausleben&#8230; Unsere Kinder sind unsere Zukunft! Deshalb sollte man sowieso auch das kreative Denken eines jeden Kindes f\u00f6rdern. Die meisten Kinder lieben Lego und das zurecht. Denn Lego bietet unbegrenzte Spielm\u00f6glichkeiten.<\/p>\n\n\n\n<p><strong>Was kanns du gegen Lego-Fieber?<\/strong><\/p>\n\n\n\n<figure class=\"wp-block-image is-resized\"><img decoding=\"async\" src=\"http:\/\/www.luxlug.lu\/wp-content\/uploads\/2013\/03\/IMG_4657.jpg\" alt=\"Dieses Bild hat ein leeres Alt-Attribut. Der Dateiname ist IMG_4657.jpg\" style=\"width:370px;height:278px\"\/><\/figure>\n\n\n\n<p> Wenn du also auf der Suche nach einer spannenden unterhaltenden kreativen Freizeitgestaltung bist, und\/oder Kinder hast, oder eine Renaissance deiner Kinderfreude erleben m\u00f6chtest, dann bist du in unserem Verein genau richtig und vermutlich bereits mit dem Virus infiziert&#8230; Was kannst du dagegen tun? Seien wir ehrlich; NICHTS!!!!! Lol <\/p>\n\n\n\n<p><strong>Gibt es wirklich keine Medizin?<\/strong><\/p>\n\n\n\n<p>Doch ; unser Verein. \ud83d\ude42 Unsere Mitglieder sind Gleichgesinnte und tragen dasselbe Fieber in sich, jeder auf seine Art und genau das macht es spannend! Doch wollen wir keinesfalls dein Lego-Fieber heilen sondern f\u00f6rdern! Erlebe mit uns wieviel Spass und Freude Lego machen kann! Bastle kreativ mit, tausche dich mit Gleichgesinnten aus, gib dein Wissen und deine Passion weiter an andere Mitglieder und alle&nbsp;Kinder und Interessierte&nbsp;in der Welt&#8230;<\/p>\n\n\n\n<figure class=\"wp-block-image\"><img decoding=\"async\" src=\"http:\/\/www.luxlug.lu\/wp-content\/uploads\/2013\/03\/Unbenannt.jpg\" alt=\"Dieses Bild hat ein leeres Alt-Attribut. Der Dateiname ist Unbenannt.jpg\"\/><\/figure>\n\n\n\n<p><strong>Was ist eine LUG?<\/strong><\/p>\n\n\n\n<p>LUG ist die offizielle weltweit anerkannte&nbsp;Abk\u00fcrzung und steht f\u00fcr &#8220;Lego User Group&#8221;. In vielen L\u00e4ndern weltweit gibt es Lego-Vereine, also LUGs.&nbsp;Unser&nbsp;Verein&nbsp;LuxLug ist die offiziell von Lego anerkannte&nbsp;Anlaufstelle f\u00fcr Luxemburg. Unsere&nbsp;Mitglieder haben&nbsp;verschiedenste Lego-Interessen. Ob Sammler, Aussteller, Fan, Elternteil oder&nbsp;Kind, bei uns kann jeder mitmachen und seine Kreativit\u00e4t und Ideen rund ums Thema Lego mit anderen Mitgliedern teilen und ausleben. Mit diesem Austausch nimmt letztendlich jedes Mitglied etwas mit. \u00dcber unseren Club bestehen auch Kontakte zu anderen LUGs sowie zur Firma Lego selbst.<\/p>\n\n\n\n<p><strong>Was kann man alles mit Lego machen?<\/strong><\/p>\n\n\n\n<p>&#8211; ALLES, es gibt keine Grenzen; das ist ja das tolle daran&#8230; Hier ein Beispiel; diese Naturlandschaft besteht zu 100% aus Lego; einfach das Bild wirken lassen&#8230; Sch\u00f6\u00f6\u00f6\u00f6\u00f6\u00f6\u00f6n \ud83d\ude42<\/p>\n\n\n\n<figure class=\"wp-block-image\"><img decoding=\"async\" src=\"http:\/\/www.luxlug.lu\/wp-content\/uploads\/2013\/03\/110.jpg\" alt=\"Dieses Bild hat ein leeres Alt-Attribut. Der Dateiname ist 110.jpg\"\/><\/figure>\n","protected":false},"excerpt":{"rendered":"<p>Wir freuen uns euch zahlreich bei unseren bevorstehenden Veranstaltungen begr\u00fcssen zu d\u00fcrfen Vielen Dank f\u00fcr euren Besuch Brick Day Sanem 2023 Brick Sales 2023 Ihr k\u00f6nnt euch die Anmeldung hier herunterladen: Brick Days 2022 Dieses Jahr d\u00fcrfen wir ihnen 2 Ausstellungen pr\u00e4sentieren: Herzlich willkommen bei den Luxemburger Lego Fans \ud83d\ude42 Unsere Mitglieder sind Lego-Passionnierte, Fans, [&hellip;]<\/p>\n","protected":false},"author":1,"featured_media":0,"parent":0,"menu_order":0,"comment_status":"closed","ping_status":"closed","template":"","meta":{"footnotes":""},"class_list":["post-13","page","type-page","status-publish","hentry"],"_links":{"self":[{"href":"https:\/\/www.luxlug.lu\/index.php\/wp-json\/wp\/v2\/pages\/13","targetHints":{"allow":["GET"]}}],"collection":[{"href":"https:\/\/www.luxlug.lu\/index.php\/wp-json\/wp\/v2\/pages"}],"about":[{"href":"https:\/\/www.luxlug.lu\/index.php\/wp-json\/wp\/v2\/types\/page"}],"author":[{"embeddable":true,"href":"https:\/\/www.luxlug.lu\/index.php\/wp-json\/wp\/v2\/users\/1"}],"replies":[{"embeddable":true,"href":"https:\/\/www.luxlug.lu\/index.php\/wp-json\/wp\/v2\/comments?post=13"}],"version-history":[{"count":3,"href":"https:\/\/www.luxlug.lu\/index.php\/wp-json\/wp\/v2\/pages\/13\/revisions"}],"predecessor-version":[{"id":44,"href":"https:\/\/www.luxlug.lu\/index.php\/wp-json\/wp\/v2\/pages\/13\/revisions\/44"}],"wp:attachment":[{"href":"https:\/\/www.luxlug.lu\/index.php\/wp-json\/wp\/v2\/media?parent=13"}],"curies":[{"name":"wp","href":"https:\/\/api.w.org\/{rel}","templated":true}]}}