{"id":23,"date":"2024-03-14T00:14:23","date_gmt":"2024-03-13T23:14:23","guid":{"rendered":"https:\/\/www.luxlug.lu\/?page_id=23"},"modified":"2024-03-14T00:14:23","modified_gmt":"2024-03-13T23:14:23","slug":"philosophie","status":"publish","type":"page","link":"https:\/\/www.luxlug.lu\/index.php\/philosophie\/","title":{"rendered":"Philosophie"},"content":{"rendered":"\n<p><strong>Wer sind wir und was wollen wir?<\/strong><\/p>\n\n\n\n<p>Wir sind eine lustige Truppe von Legofans, welche sich zusammengeschlossen haben um das gemeinsame Hobby LEGO in vollen Z\u00fcgen zu geniessen. Unser Ziel ist es an Veranstaltungen teilzunehmen, Ausstellungen zu besuchen, sich auszutauschen, eine eigene j\u00e4hrliche Ausstellung auf die Beine zu bekommen, Ausfl\u00fcge zu machen, Treffen&nbsp;aber vor allem die Entwicklung des kreativen Denkens der Kinder zu f\u00f6rdern. In diesem Sinn organisieren wir regelm\u00e4\u00dfig unsere Workshops und haben viel Freude dabei.<\/p>\n\n\n<div class=\"wp-block-image\">\n<figure class=\"aligncenter\"><a href=\"http:\/\/www.luxlug.lu\/wp-content\/uploads\/2013\/03\/IMG_4368.jpg\"><img decoding=\"async\" src=\"http:\/\/www.luxlug.lu\/wp-content\/uploads\/2013\/03\/IMG_4368.jpg\" alt=\"IMG_4368\" class=\"wp-image-166\"\/><\/a><\/figure>\n<\/div>\n\n\n<p>Wir haben weder religi\u00f6se, noch politische oder rassistische&nbsp;Interessen sondern sind in allen Hinsichten neutral. Kein Mobbing, keine Vorurteile. Wir haben Spass an unserem Hobby und sch\u00f6pfen dies in vollen Z\u00fcgen aus. In unserer heutigen Zeit, wo Kinder schon&nbsp;bald mit PCs und Handys zur Welt kommen, haben wir es uns zur Aufgabe gemacht, den Kindern die Chance zu bieten, ihre Leidenschaft f\u00fcr unsere Passion LEGO zu entdecken und Spass daran zu haben. LEGO f\u00f6rdert kreatives Denken, h\u00e4lt fit und belebt die geistige Entwicklung eines jeden Individuums, egal in wie alt man ist. Da man in einem Verein mit Gleichgesinnten zu tun hat, macht es umso mehr Spass.<\/p>\n\n\n\n<figure class=\"wp-block-image\"><a href=\"http:\/\/www.luxlug.lu\/wp-content\/uploads\/2013\/03\/legojobs.jpg\"><img decoding=\"async\" src=\"http:\/\/www.luxlug.lu\/wp-content\/uploads\/2013\/03\/legojobs.jpg\" alt=\"legojobs\" class=\"wp-image-164\"\/><\/a><\/figure>\n\n\n\n<p>Unser Verein vertritt unser sch\u00f6nes Land Luxemburg als LUG in der internationalen Lego-Szene. Auch mit der Firma LEGO selbst wollen wir einen guten Draht halten, um unseren Mitgliedern die eine oder andere Freude zu bereiten. Wir sind gegen Zwang oder Verpflichtungen, alles l\u00e4uft auf freiwilliger Mitarbeit&nbsp;und Basis. Wir sind offen f\u00fcr jegliche Ideen, Anregungen, Projekte, soweit dies im Bereich unserer M\u00f6glichkeiten liegt oder es gemeinsam umsetzbar ist und mit LEGO zu tun hat.<\/p>\n\n\n<div class=\"wp-block-image\">\n<figure class=\"aligncenter\"><a href=\"http:\/\/www.luxlug.lu\/wp-content\/uploads\/2013\/03\/109.jpg\"><img decoding=\"async\" src=\"http:\/\/www.luxlug.lu\/wp-content\/uploads\/2013\/03\/109.jpg\" alt=\"109\" class=\"wp-image-167\"\/><\/a><\/figure>\n<\/div>\n\n\n<p>Wir stellen eine Anlaufstelle f\u00fcr jeden Legofan jeglichen Alters dar und wollen dessen Ideen mit unserem K\u00f6nnen und Wissen unterst\u00fctzen.&nbsp;Wir freuen uns \u00fcber jede Unterst\u00fctzung seitens anderer Vereine und jedes kleine Detail, was unserem Club helfen kann. An dieser Stelle einen gro\u00dfen Dank an alle Leute, die unseren Verein und mich so toll unterst\u00fctzen und f\u00f6rdern.<\/p>\n\n\n\n<p>Ein weiteres Ziel ist es, durch unsere Relationen unseren Mitgliedern mehr M\u00f6glichkeiten zu bieten; z.B. einfacher an seltene Sets zu kommen, Ersatzteile, usw. Hier kommt uns auch unsere jahrlange internationale Kontaktpflege zur Gute.<\/p>\n\n\n\n<p><strong>Schlussfolgerung:<\/strong><\/p>\n\n\n\n<p>Was wir wollen ist unsere Passion LEGO auszuleben, Spa\u00df zu haben&nbsp;an unserem Hobby und dies alles unseren Mitgliedern zu&nbsp;\u00fcbermitteln sowie&nbsp;Kinder und Erwachsene jeglichen Alters zu faszinieren und Teil haben zu &nbsp;lassen an unserer Leidenschaft f\u00fcr die kleinen Steinchen.<\/p>\n\n\n\n<p>In diesem Sinne: Leg Godt!<\/p>\n\n\n\n<p>Der Vorstand<\/p>\n\n\n<div class=\"wp-block-image\">\n<figure class=\"aligncenter\"><a href=\"http:\/\/www.luxlug.lu\/wp-content\/uploads\/2013\/03\/home-1.jpg\"><img decoding=\"async\" src=\"http:\/\/www.luxlug.lu\/wp-content\/uploads\/2013\/03\/home-1.jpg\" alt=\"home (1)\" class=\"wp-image-99\"\/><\/a><\/figure>\n<\/div>\n\n\n<p>Martellotto Robert (Pr\u00e4sident), Feltus Christian&nbsp;<\/p>\n","protected":false},"excerpt":{"rendered":"<p>Wer sind wir und was wollen wir? Wir sind eine lustige Truppe von Legofans, welche sich zusammengeschlossen haben um das gemeinsame Hobby LEGO in vollen Z\u00fcgen zu geniessen. Unser Ziel ist es an Veranstaltungen teilzunehmen, Ausstellungen zu besuchen, sich auszutauschen, eine eigene j\u00e4hrliche Ausstellung auf die Beine zu bekommen, Ausfl\u00fcge zu machen, Treffen&nbsp;aber vor allem [&hellip;]<\/p>\n","protected":false},"author":1,"featured_media":0,"parent":0,"menu_order":0,"comment_status":"closed","ping_status":"closed","template":"","meta":{"footnotes":""},"class_list":["post-23","page","type-page","status-publish","hentry"],"_links":{"self":[{"href":"https:\/\/www.luxlug.lu\/index.php\/wp-json\/wp\/v2\/pages\/23","targetHints":{"allow":["GET"]}}],"collection":[{"href":"https:\/\/www.luxlug.lu\/index.php\/wp-json\/wp\/v2\/pages"}],"about":[{"href":"https:\/\/www.luxlug.lu\/index.php\/wp-json\/wp\/v2\/types\/page"}],"author":[{"embeddable":true,"href":"https:\/\/www.luxlug.lu\/index.php\/wp-json\/wp\/v2\/users\/1"}],"replies":[{"embeddable":true,"href":"https:\/\/www.luxlug.lu\/index.php\/wp-json\/wp\/v2\/comments?post=23"}],"version-history":[{"count":1,"href":"https:\/\/www.luxlug.lu\/index.php\/wp-json\/wp\/v2\/pages\/23\/revisions"}],"predecessor-version":[{"id":24,"href":"https:\/\/www.luxlug.lu\/index.php\/wp-json\/wp\/v2\/pages\/23\/revisions\/24"}],"wp:attachment":[{"href":"https:\/\/www.luxlug.lu\/index.php\/wp-json\/wp\/v2\/media?parent=23"}],"curies":[{"name":"wp","href":"https:\/\/api.w.org\/{rel}","templated":true}]}}